{"id":85,"date":"2022-02-03T11:38:00","date_gmt":"2022-02-03T11:38:00","guid":{"rendered":"https:\/\/peluqueriaamanda.com\/?page_id=85"},"modified":"2025-07-03T20:45:01","modified_gmt":"2025-07-03T20:45:01","slug":"contact","status":"publish","type":"page","link":"https:\/\/peluqueriaamanda.com\/es\/contact\/","title":{"rendered":"Contacto"},"content":{"rendered":"<p>[et_pb_section fb_built=&#8221;1&#8243; _builder_version=&#8221;4.4.8&#8243; use_background_color_gradient=&#8221;on&#8221; background_color_gradient_start=&#8221;rgba(255,255,255,0.61)&#8221; background_color_gradient_end=&#8221;rgba(255,255,255,0.13)&#8221; background_color_gradient_overlays_image=&#8221;on&#8221; background_image=&#8221;https:\/\/peluqueriaamanda.com\/wp-content\/uploads\/2022\/02\/Pelqueria-Amanda-banner-2-1920-\u00d7-960px.png&#8221; custom_padding=&#8221;||62px|||&#8221;][et_pb_row _builder_version=&#8221;4.4.8&#8243;][et_pb_column type=&#8221;4_4&#8243; _builder_version=&#8221;4.4.8&#8243;][et_pb_text _builder_version=&#8221;4.4.8&#8243; text_font_size=&#8221;18px&#8221; header_font=&#8221;Alice||||||||&#8221; header_font_size=&#8221;68px&#8221; background_color=&#8221;rgba(234,234,234,0.48)&#8221; custom_margin=&#8221;123px|||||&#8221;]<\/p>\n<h1>Contacta con Nosotros<\/h1>\n<p><strong>Peluquer\u00edas Boutique en La Asomada, Lanzarote.<\/strong><br \/>\n[\/et_pb_text][\/et_pb_column][\/et_pb_row][\/et_pb_section][et_pb_section fb_built=&#8221;1&#8243; _builder_version=&#8221;4.4.8&#8243; background_color=&#8221;#f6ced8&#8243; background_enable_image=&#8221;off&#8221; min_height=&#8221;63px&#8221; custom_margin=&#8221;||1px|||&#8221; custom_padding=&#8221;0px||0px|||&#8221; global_module=&#8221;614&#8243; saved_tabs=&#8221;all&#8221;][et_pb_row _builder_version=&#8221;4.4.8&#8243;][et_pb_column type=&#8221;4_4&#8243; _builder_version=&#8221;4.4.8&#8243;][et_pb_button button_url=&#8221;https:\/\/peluqueriaamanda.com\/contact\/&#8221; button_text=&#8221;Contact Us&#8221; button_alignment=&#8221;center&#8221; _builder_version=&#8221;4.4.8&#8243; custom_button=&#8221;on&#8221; button_text_size=&#8221;17px&#8221; button_text_color=&#8221;#ffffff&#8221; button_bg_color=&#8221;rgba(244,0,61,0.64)&#8221; button_border_width=&#8221;0px&#8221; button_border_color=&#8221;#8324db&#8221; button_border_radius=&#8221;0px&#8221; button_letter_spacing=&#8221;2px&#8221; button_font=&#8221;|600|||||||&#8221; button_use_icon=&#8221;off&#8221; custom_margin=&#8221;11px|||||&#8221; custom_padding=&#8221;16px|30px|16px|30px&#8221; animation_direction=&#8221;left&#8221; button_letter_spacing_hover=&#8221;2px&#8221; button_bg_color_hover=&#8221;#e0c588&#8243; button_text_size__hover_enabled=&#8221;off&#8221; button_one_text_size__hover_enabled=&#8221;off&#8221; button_two_text_size__hover_enabled=&#8221;off&#8221; button_text_color__hover_enabled=&#8221;off&#8221; button_one_text_color__hover_enabled=&#8221;off&#8221; button_two_text_color__hover_enabled=&#8221;off&#8221; button_border_width__hover_enabled=&#8221;off&#8221; button_one_border_width__hover_enabled=&#8221;off&#8221; button_two_border_width__hover_enabled=&#8221;off&#8221; button_border_color__hover_enabled=&#8221;off&#8221; button_one_border_color__hover_enabled=&#8221;off&#8221; button_two_border_color__hover_enabled=&#8221;off&#8221; button_border_radius__hover_enabled=&#8221;off&#8221; button_one_border_radius__hover_enabled=&#8221;off&#8221; button_two_border_radius__hover_enabled=&#8221;off&#8221; button_letter_spacing__hover_enabled=&#8221;on&#8221; button_letter_spacing__hover=&#8221;2px&#8221; button_one_letter_spacing__hover_enabled=&#8221;off&#8221; button_two_letter_spacing__hover_enabled=&#8221;off&#8221; button_bg_color__hover_enabled=&#8221;on&#8221; button_bg_color__hover=&#8221;#e0c588&#8243; button_one_bg_color__hover_enabled=&#8221;off&#8221; button_two_bg_color__hover_enabled=&#8221;off&#8221;][\/et_pb_button][\/et_pb_column][\/et_pb_row][\/et_pb_section][et_pb_section fb_built=&#8221;1&#8243; _builder_version=&#8221;4.4.8&#8243; min_height=&#8221;300px&#8221; custom_margin=&#8221;-5px|||||&#8221; custom_padding=&#8221;51px||0px|||&#8221;][et_pb_row _builder_version=&#8221;4.4.8&#8243; custom_margin=&#8221;|auto|2px|auto||&#8221; custom_padding=&#8221;9px||20px|||&#8221;][et_pb_column type=&#8221;4_4&#8243; _builder_version=&#8221;4.4.8&#8243;][et_pb_text _builder_version=&#8221;4.4.8&#8243; text_font_size=&#8221;16px&#8221; custom_margin=&#8221;||13px|||&#8221; hover_enabled=&#8221;0&#8243;]<\/p>\n<blockquote>\n<p style=\"text-align: center;\">Para hacer una reserva, <span style=\"text-decoration: underline;\"><strong><a href=\"https:\/\/widget.treatwell.es\/establecimiento\/peluqueria-amanda-1\/\" target=\"_blank\" rel=\"noopener noreferrer\">haz clic aqu\u00ed<\/a><\/strong><\/span>, o cont\u00e1ctame si tienes alguna pregunta.<\/p>\n<\/blockquote>\n<p style=\"text-align: center;\">Puedes llamarme\u00a0<span style=\"color: #f4184f;\"><strong><a style=\"color: #f4184f;\" href=\"tel: 34620547886\">+34 620 54 78 86\u00a0<\/a><\/strong><\/span>o enviarme un mensaje por\u00a0<a href=\"https:\/\/api.whatsapp.com\/send?phone=34620547886%20\" target=\"_blank\" rel=\"noopener noreferrer\">Whatsapp<\/a>.<\/p>\n<p style=\"text-align: center;\">Alternativamente, puede completar el formulario en la parte inferior de esta p\u00e1gina y me pondr\u00e9 en contacto con usted por correo electr\u00f3nico.<\/p>\n<p style=\"text-align: center;\">Para colores \/ mechas, el coste var\u00eda dependiendo de varios factores. Los precios en el sitio web son el precio inicial.<\/p>\n<p style=\"text-align: center;\">Por favor, env\u00edeme un mensaje por Whatsapp, o ll\u00e1meme y despu\u00e9s de decirme algunos detalles necesarios sobre su cabello, podr\u00e9 darle un costo m\u00e1s preciso.<span style=\"font-size: 16px; text-align: left;\">\u00a0<\/span><\/p>\n<p>[\/et_pb_text][\/et_pb_column][\/et_pb_row][\/et_pb_section][et_pb_section fb_built=&#8221;1&#8243; _builder_version=&#8221;4.4.8&#8243; custom_padding=&#8221;5px||1px|||&#8221; global_module=&#8221;903&#8243;][et_pb_row _builder_version=&#8221;4.4.8&#8243;][et_pb_column type=&#8221;4_4&#8243; _builder_version=&#8221;4.4.8&#8243;][et_pb_text _builder_version=&#8221;4.4.8&#8243; header_3_font=&#8221;Montserrat|700|||||||&#8221; header_3_text_color=&#8221;#f45079&#8243;]<\/p>\n<h3 style=\"text-align: center;\">S\u00edguenos en las Redes Sociales<\/h3>\n<p>[\/et_pb_text][et_pb_social_media_follow _builder_version=&#8221;4.4.8&#8243; text_orientation=&#8221;center&#8221;][et_pb_social_media_follow_network social_network=&#8221;facebook&#8221; url=&#8221;https:\/\/www.facebook.com\/Servicios-Peluquer%C3%ADa-Amanda-103690828122238\/&#8221; _builder_version=&#8221;4.4.8&#8243; background_color=&#8221;#3b5998&#8243; follow_button=&#8221;off&#8221; url_new_window=&#8221;on&#8221;]facebook[\/et_pb_social_media_follow_network][et_pb_social_media_follow_network social_network=&#8221;instagram&#8221; url=&#8221;https:\/\/www.instagram.com\/peluqueriaamanda_bellezaypelo\/&#8221; _builder_version=&#8221;4.4.8&#8243; background_color=&#8221;#ea2c59&#8243; follow_button=&#8221;off&#8221; url_new_window=&#8221;on&#8221;]instagram[\/et_pb_social_media_follow_network][\/et_pb_social_media_follow][\/et_pb_column][\/et_pb_row][\/et_pb_section][et_pb_section fb_built=&#8221;1&#8243; fullwidth=&#8221;on&#8221; _builder_version=&#8221;4.4.8&#8243;][et_pb_fullwidth_code _builder_version=&#8221;4.4.8&#8243;]<iframe loading=\"lazy\" style=\"border: 0;\" data-src=\"https:\/\/www.google.com\/maps\/embed?pb=!1m18!1m12!1m3!1d3491.0228011719328!2d-13.695309384910086!3d28.95704818229085!2m3!1f0!2f0!3f0!3m2!1i1024!2i768!4f13.1!3m3!1m2!1s0x0%3A0x3aa2cb1b220a8b17!2sPeluqueria%20Amanda!5e0!3m2!1ses!2spt!4v1645977671544!5m2!1ses!2spt\" width=\"600\" height=\"250\" allowfullscreen=\"allowfullscreen\" src=\"data:image\/gif;base64,R0lGODlhAQABAAAAACH5BAEKAAEALAAAAAABAAEAAAICTAEAOw==\" class=\"lazyload\" data-load-mode=\"1\"><\/iframe>[\/et_pb_fullwidth_code][\/et_pb_section][et_pb_section fb_built=&#8221;1&#8243; _builder_version=&#8221;4.4.8&#8243;][et_pb_row column_structure=&#8221;1_3,2_3&#8243; admin_label=&#8221;Footer Area&#8221; _builder_version=&#8221;4.4.8&#8243; hover_transition_duration=&#8221;0ms&#8221; global_module=&#8221;877&#8243; saved_tabs=&#8221;all&#8221;][et_pb_column type=&#8221;1_3&#8243; _builder_version=&#8221;3.25&#8243; custom_padding=&#8221;|||&#8221; custom_padding__hover=&#8221;|||&#8221;][et_pb_text admin_label=&#8221;Title&#8221; _builder_version=&#8221;4.4.8&#8243; text_font=&#8221;||||||||&#8221; header_font=&#8221;||||||||&#8221; header_2_font=&#8221;Alice||||||||&#8221; header_2_font_size=&#8221;36px&#8221; animation_direction=&#8221;left&#8221; hover_transition_duration=&#8221;0ms&#8221;]<\/p>\n<h2>Cont\u00e1ctanos<\/h2>\n<p>[\/et_pb_text][et_pb_blurb title=&#8221;Address&#8221; admin_label=&#8221;Address&#8221; _builder_version=&#8221;4.4.8&#8243; header_font=&#8221;Montserrat|600|||||||&#8221; header_font_size=&#8221;16px&#8221; header_line_height=&#8221;1.8em&#8221; body_font=&#8221;Montserrat||||||||&#8221; body_font_size=&#8221;16px&#8221; body_line_height=&#8221;1.8em&#8221; animation_direction=&#8221;left&#8221; hover_transition_duration=&#8221;0ms&#8221;]<\/p>\n<p>La Asomada, Lanzarote<\/p>\n<p>[\/et_pb_blurb][et_pb_blurb title=&#8221;Phone&#8221; admin_label=&#8221;Address&#8221; _builder_version=&#8221;4.4.8&#8243; header_font=&#8221;|600|||||||&#8221; header_font_size=&#8221;16px&#8221; header_line_height=&#8221;1.8em&#8221; body_font=&#8221;|700|||||||&#8221; body_text_color=&#8221;#f45079 &#8221; body_font_size=&#8221;16px&#8221; body_line_height=&#8221;1.8em&#8221; custom_margin=&#8221;||24px|||&#8221; animation_direction=&#8221;left&#8221; hover_transition_duration=&#8221;0ms&#8221;]<\/p>\n<p><span style=\"color: #f42e5c;\"><a href=\"tel: 34620547886\" style=\"color: #f42e5c;\">(+34) 620547886<\/a><\/span><\/p>\n<p>[\/et_pb_blurb][et_pb_blurb title=&#8221;WhatsApp&#8221; admin_label=&#8221;Address&#8221; _builder_version=&#8221;4.4.8&#8243; header_font=&#8221;|600|||||||&#8221; header_font_size=&#8221;16px&#8221; header_line_height=&#8221;1.8em&#8221; body_font=&#8221;|700|||||||&#8221; body_text_color=&#8221;#f45079 &#8221; body_font_size=&#8221;16px&#8221; body_line_height=&#8221;1.8em&#8221; custom_margin=&#8221;||24px|||&#8221; animation_direction=&#8221;left&#8221; hover_transition_duration=&#8221;0ms&#8221;]<\/p>\n<p><span style=\"color: #f42e5c;\"><a href=\"https:\/\/api.whatsapp.com\/send?phone=34620547886 \" style=\"color: #f42e5c;\">(+34) 620547886<\/a><\/span><\/p>\n<p>[\/et_pb_blurb][et_pb_blurb title=&#8221;Email&#8221; admin_label=&#8221;Address&#8221; _builder_version=&#8221;4.4.8&#8243; header_font=&#8221;|600|||||||&#8221; header_font_size=&#8221;16px&#8221; header_line_height=&#8221;1.8em&#8221; body_font=&#8221;||||||||&#8221; body_font_size=&#8221;16px&#8221; body_line_height=&#8221;1.8em&#8221; animation_direction=&#8221;left&#8221; hover_transition_duration=&#8221;0ms&#8221;]<\/p>\n<p><a href=\"mailto:contact@peluqueriaamanda.com\">contact@peluqueriaamanda.com<\/a><\/p>\n<p>[\/et_pb_blurb][\/et_pb_column][et_pb_column type=&#8221;2_3&#8243; _builder_version=&#8221;3.25&#8243; custom_padding=&#8221;|||&#8221; custom_padding__hover=&#8221;|||&#8221;][et_pb_contact_form email=&#8221;contact@peluqueriaamanda.com&#8221; title=&#8221;Get In Touch&#8221; success_message=&#8221;Thank you for contacting us! We will be in touch shortly.&#8221; submit_button_text=&#8221;Send Request&#8221; module_id=&#8221;et_pb_contact_form_0&#8243; _builder_version=&#8221;4.4.8&#8243; form_field_background_color=&#8221;rgba(255,255,255,0)&#8221; title_font=&#8221;Alice||||||||&#8221; title_font_size=&#8221;36px&#8221; form_field_font=&#8221;||||||||&#8221; form_field_font_size=&#8221;16px&#8221; custom_button=&#8221;on&#8221; button_text_size=&#8221;20px&#8221; button_text_color=&#8221;#ffffff&#8221; button_bg_color=&#8221;rgba(244,0,61,0.64)&#8221; button_border_width=&#8221;0px&#8221; button_border_color=&#8221;rgba(244,97,134,0.64)&#8221; button_border_radius=&#8221;3px&#8221; button_letter_spacing=&#8221;0px&#8221; button_font=&#8221;Montserrat||||||||&#8221; button_icon=&#8221;%%3%%&#8221; hover_transition_duration=&#8221;0ms&#8221; border_width_all=&#8221;1px&#8221; border_color_all=&#8221;rgba(0,0,0,0.12)&#8221; form_background_color=&#8221;rgba(255,255,255,0)&#8221; button_text_color_hover=&#8221;#2a2a2a&#8221; button_bg_color_hover=&#8221;#e0c588&#8243; button_border_color_hover=&#8221;#e0c588&#8243; button_border_radius_hover=&#8221;30px&#8221; button_letter_spacing_hover=&#8221;2px&#8221;][et_pb_contact_field field_id=&#8221;Name&#8221; field_title=&#8221;Name&#8221; _builder_version=&#8221;3.16&#8243; form_field_font=&#8221;||||||||&#8221; button_text_size__hover_enabled=&#8221;off&#8221; button_one_text_size__hover_enabled=&#8221;off&#8221; button_two_text_size__hover_enabled=&#8221;off&#8221; button_text_color__hover_enabled=&#8221;off&#8221; button_one_text_color__hover_enabled=&#8221;off&#8221; button_two_text_color__hover_enabled=&#8221;off&#8221; button_border_width__hover_enabled=&#8221;off&#8221; button_one_border_width__hover_enabled=&#8221;off&#8221; button_two_border_width__hover_enabled=&#8221;off&#8221; button_border_color__hover_enabled=&#8221;off&#8221; button_one_border_color__hover_enabled=&#8221;off&#8221; button_two_border_color__hover_enabled=&#8221;off&#8221; button_border_radius__hover_enabled=&#8221;off&#8221; button_one_border_radius__hover_enabled=&#8221;off&#8221; button_two_border_radius__hover_enabled=&#8221;off&#8221; button_letter_spacing__hover_enabled=&#8221;off&#8221; button_one_letter_spacing__hover_enabled=&#8221;off&#8221; button_two_letter_spacing__hover_enabled=&#8221;off&#8221; button_bg_color__hover_enabled=&#8221;off&#8221; button_one_bg_color__hover_enabled=&#8221;off&#8221; button_two_bg_color__hover_enabled=&#8221;off&#8221;][\/et_pb_contact_field][et_pb_contact_field field_id=&#8221;Email&#8221; field_title=&#8221;Email Address&#8221; field_type=&#8221;email&#8221; _builder_version=&#8221;3.16&#8243; button_text_size__hover_enabled=&#8221;off&#8221; button_one_text_size__hover_enabled=&#8221;off&#8221; button_two_text_size__hover_enabled=&#8221;off&#8221; button_text_color__hover_enabled=&#8221;off&#8221; button_one_text_color__hover_enabled=&#8221;off&#8221; button_two_text_color__hover_enabled=&#8221;off&#8221; button_border_width__hover_enabled=&#8221;off&#8221; button_one_border_width__hover_enabled=&#8221;off&#8221; button_two_border_width__hover_enabled=&#8221;off&#8221; button_border_color__hover_enabled=&#8221;off&#8221; button_one_border_color__hover_enabled=&#8221;off&#8221; button_two_border_color__hover_enabled=&#8221;off&#8221; button_border_radius__hover_enabled=&#8221;off&#8221; button_one_border_radius__hover_enabled=&#8221;off&#8221; button_two_border_radius__hover_enabled=&#8221;off&#8221; button_letter_spacing__hover_enabled=&#8221;off&#8221; button_one_letter_spacing__hover_enabled=&#8221;off&#8221; button_two_letter_spacing__hover_enabled=&#8221;off&#8221; button_bg_color__hover_enabled=&#8221;off&#8221; button_one_bg_color__hover_enabled=&#8221;off&#8221; button_two_bg_color__hover_enabled=&#8221;off&#8221;][\/et_pb_contact_field][et_pb_contact_field field_id=&#8221;Message&#8221; field_title=&#8221;Message&#8221; field_type=&#8221;text&#8221; fullwidth_field=&#8221;on&#8221; _builder_version=&#8221;3.16&#8243; button_text_size__hover_enabled=&#8221;off&#8221; button_one_text_size__hover_enabled=&#8221;off&#8221; button_two_text_size__hover_enabled=&#8221;off&#8221; button_text_color__hover_enabled=&#8221;off&#8221; button_one_text_color__hover_enabled=&#8221;off&#8221; button_two_text_color__hover_enabled=&#8221;off&#8221; button_border_width__hover_enabled=&#8221;off&#8221; button_one_border_width__hover_enabled=&#8221;off&#8221; button_two_border_width__hover_enabled=&#8221;off&#8221; button_border_color__hover_enabled=&#8221;off&#8221; button_one_border_color__hover_enabled=&#8221;off&#8221; button_two_border_color__hover_enabled=&#8221;off&#8221; button_border_radius__hover_enabled=&#8221;off&#8221; button_one_border_radius__hover_enabled=&#8221;off&#8221; button_two_border_radius__hover_enabled=&#8221;off&#8221; button_letter_spacing__hover_enabled=&#8221;off&#8221; button_one_letter_spacing__hover_enabled=&#8221;off&#8221; button_two_letter_spacing__hover_enabled=&#8221;off&#8221; button_bg_color__hover_enabled=&#8221;off&#8221; button_one_bg_color__hover_enabled=&#8221;off&#8221; button_two_bg_color__hover_enabled=&#8221;off&#8221;][\/et_pb_contact_field][\/et_pb_contact_form][\/et_pb_column][\/et_pb_row][\/et_pb_section][et_pb_section fb_built=&#8221;1&#8243; _builder_version=&#8221;4.4.8&#8243; custom_padding=&#8221;5px||1px|||&#8221; global_module=&#8221;903&#8243; saved_tabs=&#8221;all&#8221;][et_pb_row _builder_version=&#8221;4.4.8&#8243;][et_pb_column type=&#8221;4_4&#8243; _builder_version=&#8221;4.4.8&#8243;][et_pb_text _builder_version=&#8221;4.4.8&#8243; header_3_font=&#8221;Montserrat|700|||||||&#8221; header_3_text_color=&#8221;#f45079&#8243;]<\/p>\n<h3 style=\"text-align: center;\">S\u00edguenos en las Redes Sociales<\/h3>\n<p>[\/et_pb_text][et_pb_social_media_follow _builder_version=&#8221;4.4.8&#8243; text_orientation=&#8221;center&#8221;][et_pb_social_media_follow_network social_network=&#8221;facebook&#8221; url=&#8221;https:\/\/www.facebook.com\/Servicios-Peluquer%C3%ADa-Amanda-103690828122238\/&#8221; _builder_version=&#8221;4.4.8&#8243; background_color=&#8221;#3b5998&#8243; follow_button=&#8221;off&#8221; url_new_window=&#8221;on&#8221;]facebook[\/et_pb_social_media_follow_network][et_pb_social_media_follow_network social_network=&#8221;instagram&#8221; url=&#8221;https:\/\/www.instagram.com\/peluqueriaamanda_bellezaypelo\/&#8221; _builder_version=&#8221;4.4.8&#8243; background_color=&#8221;#ea2c59&#8243; follow_button=&#8221;off&#8221; url_new_window=&#8221;on&#8221;]instagram[\/et_pb_social_media_follow_network][\/et_pb_social_media_follow][\/et_pb_column][\/et_pb_row][\/et_pb_section]<\/p>","protected":false},"excerpt":{"rendered":"<p>[et_pb_section fb_built=&#8221;1&#8243; _builder_version=&#8221;4.4.8&#8243; use_background_color_gradient=&#8221;on&#8221; background_color_gradient_start=&#8221;rgba(255,255,255,0.61)&#8221; background_color_gradient_end=&#8221;rgba(255,255,255,0.13)&#8221; background_color_gradient_overlays_image=&#8221;on&#8221; background_image=&#8221;https:\/\/peluqueriaamanda.com\/wp-content\/uploads\/2022\/02\/Pelqueria-Amanda-banner-2-1920-\u00d7-960px.png&#8221; custom_padding=&#8221;||62px|||&#8221;][et_pb_row _builder_version=&#8221;4.4.8&#8243;][et_pb_column type=&#8221;4_4&#8243; _builder_version=&#8221;4.4.8&#8243;][et_pb_text _builder_version=&#8221;4.4.8&#8243; text_font_size=&#8221;18px&#8221; header_font=&#8221;Alice||||||||&#8221; header_font_size=&#8221;68px&#8221; background_color=&#8221;rgba(234,234,234,0.48)&#8221; custom_margin=&#8221;123px|||||&#8221;] Contact Us Boutique hairdresser in La Asomada, Lanzarote [\/et_pb_text][\/et_pb_column][\/et_pb_row][\/et_pb_section][et_pb_section fb_built=&#8221;1&#8243; _builder_version=&#8221;4.4.8&#8243; background_color=&#8221;#f6ced8&#8243; background_enable_image=&#8221;off&#8221; min_height=&#8221;63px&#8221; custom_margin=&#8221;||1px|||&#8221; custom_padding=&#8221;0px||0px|||&#8221; global_module=&#8221;614&#8243; saved_tabs=&#8221;all&#8221;][et_pb_row _builder_version=&#8221;4.4.8&#8243;][et_pb_column type=&#8221;4_4&#8243; _builder_version=&#8221;4.4.8&#8243;][et_pb_button button_url=&#8221;https:\/\/peluqueriaamanda.com\/contact\/&#8221; button_text=&#8221;Contact Us&#8221; button_alignment=&#8221;center&#8221; _builder_version=&#8221;4.4.8&#8243; custom_button=&#8221;on&#8221; button_text_size=&#8221;17px&#8221; button_text_color=&#8221;#ffffff&#8221; button_bg_color=&#8221;rgba(244,0,61,0.64)&#8221; button_border_width=&#8221;0px&#8221; button_border_color=&#8221;#8324db&#8221; button_border_radius=&#8221;0px&#8221; button_letter_spacing=&#8221;2px&#8221; button_font=&#8221;|600|||||||&#8221; button_use_icon=&#8221;off&#8221; custom_margin=&#8221;11px|||||&#8221; [&hellip;]<\/p>","protected":false},"author":1,"featured_media":0,"parent":0,"menu_order":0,"comment_status":"closed","ping_status":"closed","template":"","meta":{"_et_pb_use_builder":"on","_et_pb_old_content":"","_et_gb_content_width":"","_monsterinsights_skip_tracking":false,"_monsterinsights_sitenote_active":false,"_monsterinsights_sitenote_note":"","_monsterinsights_sitenote_category":0,"footnotes":""},"class_list":["post-85","page","type-page","status-publish","hentry"],"yoast_head":"<!-- This site is optimized with the Yoast SEO plugin v23.8 - https:\/\/yoast.com\/wordpress\/plugins\/seo\/ -->\n<title>Contact Lanzarote Hairdressers - Peluqueria Amanda<\/title>\n<meta name=\"description\" content=\"Contact Lanzarote hairdressers! If you have any queries or would like to book an appointment, please contact us on (+34) 620547886\" \/>\n<meta name=\"robots\" content=\"index, follow, max-snippet:-1, max-image-preview:large, max-video-preview:-1\" \/>\n<link rel=\"canonical\" href=\"https:\/\/peluqueriaamanda.com\/es\/contact\/\" \/>\n<meta property=\"og:locale\" content=\"es_ES\" \/>\n<meta property=\"og:type\" content=\"article\" \/>\n<meta property=\"og:title\" content=\"Contact Lanzarote Hairdressers - Peluqueria Amanda\" \/>\n<meta property=\"og:description\" content=\"Contact Lanzarote hairdressers! If you have any queries or would like to book an appointment, please contact us on (+34) 620547886\" \/>\n<meta property=\"og:url\" content=\"https:\/\/peluqueriaamanda.com\/es\/contact\/\" \/>\n<meta property=\"og:site_name\" content=\"Peluqueria Amanda\" \/>\n<meta property=\"article:modified_time\" content=\"2025-07-03T20:45:01+00:00\" \/>\n<meta name=\"twitter:card\" content=\"summary_large_image\" \/>\n<meta name=\"twitter:label1\" content=\"Tiempo de lectura\" \/>\n\t<meta name=\"twitter:data1\" content=\"3 minutos\" \/>\n<script type=\"application\/ld+json\" class=\"yoast-schema-graph\">{\"@context\":\"https:\/\/schema.org\",\"@graph\":[{\"@type\":\"WebPage\",\"@id\":\"https:\/\/peluqueriaamanda.com\/contact\/\",\"url\":\"https:\/\/peluqueriaamanda.com\/contact\/\",\"name\":\"Contact Lanzarote Hairdressers - Peluqueria Amanda\",\"isPartOf\":{\"@id\":\"https:\/\/peluqueriaamanda.com\/#website\"},\"datePublished\":\"2022-02-03T11:38:00+00:00\",\"dateModified\":\"2025-07-03T20:45:01+00:00\",\"description\":\"Contact Lanzarote hairdressers! If you have any queries or would like to book an appointment, please contact us on (+34) 620547886\",\"breadcrumb\":{\"@id\":\"https:\/\/peluqueriaamanda.com\/contact\/#breadcrumb\"},\"inLanguage\":\"es\",\"potentialAction\":[{\"@type\":\"ReadAction\",\"target\":[\"https:\/\/peluqueriaamanda.com\/contact\/\"]}]},{\"@type\":\"BreadcrumbList\",\"@id\":\"https:\/\/peluqueriaamanda.com\/contact\/#breadcrumb\",\"itemListElement\":[{\"@type\":\"ListItem\",\"position\":1,\"name\":\"Home\",\"item\":\"https:\/\/peluqueriaamanda.com\/\"},{\"@type\":\"ListItem\",\"position\":2,\"name\":\"Contact\"}]},{\"@type\":\"WebSite\",\"@id\":\"https:\/\/peluqueriaamanda.com\/#website\",\"url\":\"https:\/\/peluqueriaamanda.com\/\",\"name\":\"Peluqueria Amanda\",\"description\":\"Peluquera Lanzarote\",\"potentialAction\":[{\"@type\":\"SearchAction\",\"target\":{\"@type\":\"EntryPoint\",\"urlTemplate\":\"https:\/\/peluqueriaamanda.com\/?s={search_term_string}\"},\"query-input\":{\"@type\":\"PropertyValueSpecification\",\"valueRequired\":true,\"valueName\":\"search_term_string\"}}],\"inLanguage\":\"es\"}]}<\/script>\n<!-- \/ Yoast SEO plugin. -->","yoast_head_json":{"title":"Contact Lanzarote Hairdressers - Peluqueria Amanda","description":"Contact Lanzarote hairdressers! If you have any queries or would like to book an appointment, please contact us on (+34) 620547886","robots":{"index":"index","follow":"follow","max-snippet":"max-snippet:-1","max-image-preview":"max-image-preview:large","max-video-preview":"max-video-preview:-1"},"canonical":"https:\/\/peluqueriaamanda.com\/es\/contact\/","og_locale":"es_ES","og_type":"article","og_title":"Contact Lanzarote Hairdressers - Peluqueria Amanda","og_description":"Contact Lanzarote hairdressers! If you have any queries or would like to book an appointment, please contact us on (+34) 620547886","og_url":"https:\/\/peluqueriaamanda.com\/es\/contact\/","og_site_name":"Peluqueria Amanda","article_modified_time":"2025-07-03T20:45:01+00:00","twitter_card":"summary_large_image","twitter_misc":{"Tiempo de lectura":"3 minutos"},"schema":{"@context":"https:\/\/schema.org","@graph":[{"@type":"WebPage","@id":"https:\/\/peluqueriaamanda.com\/contact\/","url":"https:\/\/peluqueriaamanda.com\/contact\/","name":"Contact Lanzarote Hairdressers - Peluqueria Amanda","isPartOf":{"@id":"https:\/\/peluqueriaamanda.com\/#website"},"datePublished":"2022-02-03T11:38:00+00:00","dateModified":"2025-07-03T20:45:01+00:00","description":"Contact Lanzarote hairdressers! If you have any queries or would like to book an appointment, please contact us on (+34) 620547886","breadcrumb":{"@id":"https:\/\/peluqueriaamanda.com\/contact\/#breadcrumb"},"inLanguage":"es","potentialAction":[{"@type":"ReadAction","target":["https:\/\/peluqueriaamanda.com\/contact\/"]}]},{"@type":"BreadcrumbList","@id":"https:\/\/peluqueriaamanda.com\/contact\/#breadcrumb","itemListElement":[{"@type":"ListItem","position":1,"name":"Home","item":"https:\/\/peluqueriaamanda.com\/"},{"@type":"ListItem","position":2,"name":"Contact"}]},{"@type":"WebSite","@id":"https:\/\/peluqueriaamanda.com\/#website","url":"https:\/\/peluqueriaamanda.com\/","name":"Peluqueria Amanda","description":"Peluquera Lanzarote","potentialAction":[{"@type":"SearchAction","target":{"@type":"EntryPoint","urlTemplate":"https:\/\/peluqueriaamanda.com\/?s={search_term_string}"},"query-input":{"@type":"PropertyValueSpecification","valueRequired":true,"valueName":"search_term_string"}}],"inLanguage":"es"}]}},"_links":{"self":[{"href":"https:\/\/peluqueriaamanda.com\/es\/wp-json\/wp\/v2\/pages\/85","targetHints":{"allow":["GET"]}}],"collection":[{"href":"https:\/\/peluqueriaamanda.com\/es\/wp-json\/wp\/v2\/pages"}],"about":[{"href":"https:\/\/peluqueriaamanda.com\/es\/wp-json\/wp\/v2\/types\/page"}],"author":[{"embeddable":true,"href":"https:\/\/peluqueriaamanda.com\/es\/wp-json\/wp\/v2\/users\/1"}],"replies":[{"embeddable":true,"href":"https:\/\/peluqueriaamanda.com\/es\/wp-json\/wp\/v2\/comments?post=85"}],"version-history":[{"count":59,"href":"https:\/\/peluqueriaamanda.com\/es\/wp-json\/wp\/v2\/pages\/85\/revisions"}],"predecessor-version":[{"id":1221,"href":"https:\/\/peluqueriaamanda.com\/es\/wp-json\/wp\/v2\/pages\/85\/revisions\/1221"}],"wp:attachment":[{"href":"https:\/\/peluqueriaamanda.com\/es\/wp-json\/wp\/v2\/media?parent=85"}],"curies":[{"name":"wp","href":"https:\/\/api.w.org\/{rel}","templated":true}]}}