{"id":69,"date":"2022-02-03T11:19:15","date_gmt":"2022-02-03T11:19:15","guid":{"rendered":"https:\/\/peluqueriaamanda.com\/?page_id=69"},"modified":"2025-07-03T20:54:07","modified_gmt":"2025-07-03T20:54:07","slug":"services","status":"publish","type":"page","link":"https:\/\/peluqueriaamanda.com\/es\/services\/","title":{"rendered":"Servicios"},"content":{"rendered":"<p>[et_pb_section fb_built=&#8221;1&#8243; admin_label=&#8221;Seasonal Collection&#8221; _builder_version=&#8221;4.4.8&#8243; background_color=&#8221;#264059&#8243; use_background_color_gradient=&#8221;on&#8221; background_color_gradient_start=&#8221;rgba(255,255,255,0.31)&#8221; background_color_gradient_end=&#8221;rgba(38,64,89,0)&#8221; background_color_gradient_direction=&#8221;90deg&#8221; background_color_gradient_start_position=&#8221;30%&#8221; background_color_gradient_overlays_image=&#8221;on&#8221; background_image=&#8221;https:\/\/peluqueriaamanda.com\/wp-content\/uploads\/2022\/02\/Pelqueria-Amanda-wedding-banner-5-1920-\u00d7-960px-1920-\u00d7-400px-1920-\u00d7-960px.png&#8221; custom_margin=&#8221;|||&#8221; custom_padding=&#8221;39.2%|0px|0%|0px||&#8221;][et_pb_row custom_padding_last_edited=&#8221;off|desktop&#8221; admin_label=&#8221;Hero Area&#8221; _builder_version=&#8221;3.25&#8243; custom_margin=&#8221;-308px|auto||auto||&#8221; custom_padding=&#8221;27px|0px|0px|0px&#8221;][et_pb_column type=&#8221;4_4&#8243; _builder_version=&#8221;3.25&#8243; custom_padding=&#8221;|||&#8221; custom_padding__hover=&#8221;|||&#8221;][et_pb_text admin_label=&#8221;Hero Title&#8221; _builder_version=&#8221;4.4.8&#8243; text_font=&#8221;Montserrat|700|||||||&#8221; text_text_color=&#8221;#3e3e3e&#8221; text_font_size=&#8221;17px&#8221; text_line_height=&#8221;1.6em&#8221; header_font=&#8221;Alice||||||||&#8221; header_text_color=&#8221;#3e3e3e&#8221; header_font_size=&#8221;68px&#8221; header_letter_spacing=&#8221;-3px&#8221; header_3_font=&#8221;Montserrat||||||||&#8221; header_3_text_color=&#8221;#474747&#8243; header_3_font_size=&#8221;19px&#8221; background_color=&#8221;rgba(234,234,234,0.48)&#8221; background_layout=&#8221;dark&#8221; custom_margin=&#8221;-4px||-7px|||&#8221; animation_style=&#8221;slide&#8221; animation_direction=&#8221;left&#8221; animation_intensity_slide=&#8221;5%&#8221; animation_starting_opacity=&#8221;100%&#8221; text_font_size_last_edited=&#8221;off|desktop&#8221; header_font_size_tablet=&#8221;&#8221; header_font_size_phone=&#8221;60px&#8221; header_font_size_last_edited=&#8221;on|phone&#8221;]<\/p>\n<h1>Servicios<\/h1>\n<h3><strong>Hair &amp; Weddings<\/strong><\/h3>\n<p>[\/et_pb_text][\/et_pb_column][\/et_pb_row][\/et_pb_section][et_pb_section fb_built=&#8221;1&#8243; _builder_version=&#8221;4.4.8&#8243; background_color=&#8221;#f6ced8&#8243; background_enable_image=&#8221;off&#8221; min_height=&#8221;63px&#8221; custom_margin=&#8221;||1px|||&#8221; custom_padding=&#8221;0px||0px|||&#8221; global_module=&#8221;614&#8243; saved_tabs=&#8221;all&#8221;][et_pb_row _builder_version=&#8221;4.4.8&#8243;][et_pb_column type=&#8221;4_4&#8243; _builder_version=&#8221;4.4.8&#8243;][et_pb_button button_url=&#8221;https:\/\/peluqueriaamanda.com\/contact\/&#8221; button_text=&#8221;Contact Us&#8221; button_alignment=&#8221;center&#8221; _builder_version=&#8221;4.4.8&#8243; custom_button=&#8221;on&#8221; button_text_size=&#8221;17px&#8221; button_text_color=&#8221;#ffffff&#8221; button_bg_color=&#8221;rgba(244,0,61,0.64)&#8221; button_border_width=&#8221;0px&#8221; button_border_color=&#8221;#8324db&#8221; button_border_radius=&#8221;0px&#8221; button_letter_spacing=&#8221;2px&#8221; button_font=&#8221;|600|||||||&#8221; button_use_icon=&#8221;off&#8221; custom_margin=&#8221;11px|||||&#8221; custom_padding=&#8221;16px|30px|16px|30px&#8221; animation_direction=&#8221;left&#8221; button_letter_spacing_hover=&#8221;2px&#8221; button_bg_color_hover=&#8221;#e0c588&#8243; button_text_size__hover_enabled=&#8221;off&#8221; button_one_text_size__hover_enabled=&#8221;off&#8221; button_two_text_size__hover_enabled=&#8221;off&#8221; button_text_color__hover_enabled=&#8221;off&#8221; button_one_text_color__hover_enabled=&#8221;off&#8221; button_two_text_color__hover_enabled=&#8221;off&#8221; button_border_width__hover_enabled=&#8221;off&#8221; button_one_border_width__hover_enabled=&#8221;off&#8221; button_two_border_width__hover_enabled=&#8221;off&#8221; button_border_color__hover_enabled=&#8221;off&#8221; button_one_border_color__hover_enabled=&#8221;off&#8221; button_two_border_color__hover_enabled=&#8221;off&#8221; button_border_radius__hover_enabled=&#8221;off&#8221; button_one_border_radius__hover_enabled=&#8221;off&#8221; button_two_border_radius__hover_enabled=&#8221;off&#8221; button_letter_spacing__hover_enabled=&#8221;on&#8221; button_letter_spacing__hover=&#8221;2px&#8221; button_one_letter_spacing__hover_enabled=&#8221;off&#8221; button_two_letter_spacing__hover_enabled=&#8221;off&#8221; button_bg_color__hover_enabled=&#8221;on&#8221; button_bg_color__hover=&#8221;#e0c588&#8243; button_one_bg_color__hover_enabled=&#8221;off&#8221; button_two_bg_color__hover_enabled=&#8221;off&#8221;][\/et_pb_button][\/et_pb_column][\/et_pb_row][\/et_pb_section][et_pb_section fb_built=&#8221;1&#8243; admin_label=&#8221;Our Specialties Section&#8221; _builder_version=&#8221;3.22&#8243; width=&#8221;100%&#8221; custom_padding=&#8221;20px||23px|||&#8221;][et_pb_row admin_label=&#8221;Title Area&#8221; _builder_version=&#8221;3.25&#8243; custom_margin=&#8221;-9px|auto|-11px|auto||&#8221;][et_pb_column type=&#8221;4_4&#8243; _builder_version=&#8221;3.25&#8243; custom_padding=&#8221;|||&#8221; custom_padding__hover=&#8221;|||&#8221;][et_pb_text admin_label=&#8221;Title&#8221; _builder_version=&#8221;4.4.8&#8243; text_font=&#8221;||||||||&#8221; header_font=&#8221;||||||||&#8221; header_2_font=&#8221;Alice||||||||&#8221; header_2_text_align=&#8221;center&#8221; header_2_font_size=&#8221;42px&#8221; header_2_line_height=&#8221;1.3em&#8221; custom_margin=&#8221;||20px|&#8221; animation_style=&#8221;slide&#8221; animation_direction=&#8221;top&#8221; animation_intensity_slide=&#8221;30%&#8221; animation_starting_opacity=&#8221;100%&#8221;]<\/p>\n<h2>Nuestros Servicios<\/h2>\n<p>[\/et_pb_text][et_pb_divider color=&#8221;#3e3e3e&#8221; divider_weight=&#8221;3px&#8221; _builder_version=&#8221;4.4.8&#8243; max_width=&#8221;50px&#8221; module_alignment=&#8221;center&#8221; custom_margin=&#8221;||10px|&#8221; animation_style=&#8221;slide&#8221; animation_direction=&#8221;top&#8221; animation_intensity_slide=&#8221;30%&#8221; animation_starting_opacity=&#8221;100%&#8221;][\/et_pb_divider][et_pb_text admin_label=&#8221;Subtitle&#8221; _builder_version=&#8221;4.4.8&#8243; text_font=&#8221;||||||||&#8221; text_font_size=&#8221;16px&#8221; text_line_height=&#8221;1.8em&#8221; text_orientation=&#8221;center&#8221; max_width=&#8221;700px&#8221; module_alignment=&#8221;center&#8221; custom_margin=&#8221;-8px||-5px|||&#8221; animation_style=&#8221;slide&#8221; animation_direction=&#8221;top&#8221; animation_intensity_slide=&#8221;20%&#8221; animation_starting_opacity=&#8221;100%&#8221;]<\/p>\n<p>We offer a range of services at Peluqueria Amanda, Lanzarote. From hairdressing and wedding packages. Click on the links or images below to find out more!<\/p>\n<p>[\/et_pb_text][\/et_pb_column][\/et_pb_row][et_pb_row column_structure=&#8221;1_2,1_2&#8243; admin_label=&#8221;Our Specialties&#8221; _builder_version=&#8221;4.4.8&#8243; custom_margin=&#8221;10px|auto|27px|auto||&#8221; custom_padding=&#8221;5px|0px|4px|||&#8221;][et_pb_column type=&#8221;1_2&#8243; _builder_version=&#8221;3.25&#8243; custom_padding=&#8221;|||&#8221; custom_padding__hover=&#8221;|||&#8221;][et_pb_image src=&#8221;https:\/\/peluqueriaamanda.com\/wp-content\/uploads\/2022\/03\/Peluqueria-Amanda-edited-47.jpg&#8221; alt=&#8221;Hairdressers Lanzarote&#8221; title_text=&#8221;Peluqueria Amanda edited-47&#8243; url=&#8221;https:\/\/peluqueriaamanda.com\/hair\/&#8221; url_new_window=&#8221;on&#8221; use_overlay=&#8221;on&#8221; overlay_icon_color=&#8221;#c88bda&#8221; hover_overlay_color=&#8221;#ffffff&#8221; hover_icon=&#8221;%%3%%&#8221; force_fullwidth=&#8221;on&#8221; align_tablet=&#8221;center&#8221; align_phone=&#8221;&#8221; align_last_edited=&#8221;on|desktop&#8221; _builder_version=&#8221;4.4.8&#8243; animation_style=&#8221;zoom&#8221; animation_direction=&#8221;top&#8221; animation_intensity_zoom=&#8221;10%&#8221; animation_starting_opacity=&#8221;100%&#8221;][\/et_pb_image][et_pb_text _builder_version=&#8221;4.4.8&#8243; text_font_size=&#8221;16px&#8221; header_3_font=&#8221;Alice|700|||||||&#8221; header_3_text_color=&#8221;rgba(244,0,61,0.64)&#8221; header_3_font_size=&#8221;24px&#8221; background_color=&#8221;rgba(255,255,255,0.43)&#8221; link_option_url=&#8221;https:\/\/peluqueriaamanda.com\/hair\/&#8221; link_option_url_new_window=&#8221;on&#8221;]<\/p>\n<h3 style=\"text-align: center;\"><strong>Cabello<\/strong><\/h3>\n<p style=\"text-align: center;\">Deja que hable tu pelo por ti<\/p>\n<p>[\/et_pb_text][\/et_pb_column][et_pb_column type=&#8221;1_2&#8243; _builder_version=&#8221;3.25&#8243; custom_padding=&#8221;|||&#8221; custom_padding__hover=&#8221;|||&#8221;][et_pb_image src=&#8221;https:\/\/peluqueriaamanda.com\/wp-content\/uploads\/2022\/02\/Peluqueria-Amanda-wedding-4.png&#8221; title_text=&#8221;Peluqueria Amanda wedding 4&#8243; url=&#8221;https:\/\/peluqueriaamanda.com\/weddings\/&#8221; url_new_window=&#8221;on&#8221; use_overlay=&#8221;on&#8221; overlay_icon_color=&#8221;#c88bda&#8221; hover_overlay_color=&#8221;#ffffff&#8221; hover_icon=&#8221;%%3%%&#8221; force_fullwidth=&#8221;on&#8221; align_tablet=&#8221;center&#8221; align_phone=&#8221;&#8221; align_last_edited=&#8221;on|desktop&#8221; _builder_version=&#8221;4.4.8&#8243; animation_style=&#8221;zoom&#8221; animation_direction=&#8221;top&#8221; animation_intensity_zoom=&#8221;10%&#8221; animation_starting_opacity=&#8221;100%&#8221;][\/et_pb_image][et_pb_text _builder_version=&#8221;4.4.8&#8243; text_font_size=&#8221;16px&#8221; header_3_font=&#8221;Alice|700|||||||&#8221; header_3_text_color=&#8221;rgba(244,0,61,0.64)&#8221; header_3_font_size=&#8221;24px&#8221; background_color=&#8221;rgba(255,255,255,0.43)&#8221; link_option_url=&#8221;https:\/\/peluqueriaamanda.com\/weddings\/&#8221; link_option_url_new_window=&#8221;on&#8221;]<\/p>\n<h3 style=\"text-align: center;\"><strong>Bodas<\/strong><\/h3>\n<p style=\"text-align: center;\">Perm\u00edtanos ayudarle a hacer que su gran d\u00eda sea especial<\/p>\n<p>[\/et_pb_text][\/et_pb_column][\/et_pb_row][et_pb_row custom_padding_last_edited=&#8221;off|desktop&#8221; admin_label=&#8221;Hero Area&#8221; _builder_version=&#8221;3.25&#8243; custom_padding=&#8221;8px|0px|0px|0px||&#8221; locked=&#8221;off&#8221;][et_pb_column type=&#8221;4_4&#8243; _builder_version=&#8221;3.25&#8243; custom_padding=&#8221;|||&#8221; custom_padding__hover=&#8221;|||&#8221;][et_pb_button button_url=&#8221;https:\/\/peluqueriaamanda.com\/contact\/&#8221; button_text=&#8221;Contact Us&#8221; button_alignment=&#8221;center&#8221; _builder_version=&#8221;4.4.8&#8243; custom_button=&#8221;on&#8221; button_text_size=&#8221;17px&#8221; button_text_color=&#8221;#ffffff&#8221; button_bg_color=&#8221;rgba(244,0,61,0.64)&#8221; button_border_width=&#8221;0px&#8221; button_border_radius=&#8221;0px&#8221; button_letter_spacing=&#8221;2px&#8221; button_font=&#8221;Montserrat||||||||&#8221; button_use_icon=&#8221;off&#8221; button_letter_spacing_hover=&#8221;2px&#8221; button_bg_color_hover=&#8221;#e0c588&#8243; button_text_size__hover_enabled=&#8221;off&#8221; button_one_text_size__hover_enabled=&#8221;off&#8221; button_two_text_size__hover_enabled=&#8221;off&#8221; button_text_color__hover_enabled=&#8221;off&#8221; button_one_text_color__hover_enabled=&#8221;off&#8221; button_two_text_color__hover_enabled=&#8221;off&#8221; button_border_width__hover_enabled=&#8221;off&#8221; button_one_border_width__hover_enabled=&#8221;off&#8221; button_two_border_width__hover_enabled=&#8221;off&#8221; button_border_color__hover_enabled=&#8221;off&#8221; button_one_border_color__hover_enabled=&#8221;off&#8221; button_two_border_color__hover_enabled=&#8221;off&#8221; button_border_radius__hover_enabled=&#8221;off&#8221; button_one_border_radius__hover_enabled=&#8221;off&#8221; button_two_border_radius__hover_enabled=&#8221;off&#8221; button_letter_spacing__hover_enabled=&#8221;on&#8221; button_letter_spacing__hover=&#8221;2px&#8221; button_one_letter_spacing__hover_enabled=&#8221;off&#8221; button_two_letter_spacing__hover_enabled=&#8221;off&#8221; button_bg_color__hover_enabled=&#8221;on&#8221; button_bg_color__hover=&#8221;#e0c588&#8243; button_one_bg_color__hover_enabled=&#8221;off&#8221; button_two_bg_color__hover_enabled=&#8221;off&#8221;][\/et_pb_button][\/et_pb_column][\/et_pb_row][\/et_pb_section][et_pb_section fb_built=&#8221;1&#8243; _builder_version=&#8221;4.4.8&#8243; custom_padding=&#8221;0px||15px|||&#8221; locked=&#8221;off&#8221;][et_pb_row _builder_version=&#8221;4.4.8&#8243; custom_padding=&#8221;20px||9px|||&#8221;][et_pb_column type=&#8221;4_4&#8243; _builder_version=&#8221;4.4.8&#8243;][et_pb_text _builder_version=&#8221;4.4.8&#8243; text_font_size=&#8221;18px&#8221; link_option_url=&#8221;https:\/\/widget.treatwell.es\/establecimiento\/peluqueria-amanda-1\/&#8221; link_option_url_new_window=&#8221;on&#8221;]<\/p>\n<p style=\"text-align: center;\"><span style=\"text-decoration: underline;\"><a href=\"https:\/\/widget.treatwell.es\/establecimiento\/peluqueria-amanda-1\/\" data-type=\"link\" data-id=\"https:\/\/widget.treatwell.es\/establecimiento\/peluqueria-amanda-1\/\" target=\"_blank\" rel=\"noopener noreferrer\">Pide su cita aqu\u00ed<\/a><\/span><\/p>\n<p>[\/et_pb_text][\/et_pb_column][\/et_pb_row][\/et_pb_section]<\/p>","protected":false},"excerpt":{"rendered":"<p>[et_pb_section fb_built=&#8221;1&#8243; admin_label=&#8221;Seasonal Collection&#8221; _builder_version=&#8221;4.4.8&#8243; background_color=&#8221;#264059&#8243; use_background_color_gradient=&#8221;on&#8221; background_color_gradient_start=&#8221;rgba(255,255,255,0.31)&#8221; background_color_gradient_end=&#8221;rgba(38,64,89,0)&#8221; background_color_gradient_direction=&#8221;90deg&#8221; background_color_gradient_start_position=&#8221;30%&#8221; background_color_gradient_overlays_image=&#8221;on&#8221; background_image=&#8221;https:\/\/peluqueriaamanda.com\/wp-content\/uploads\/2022\/02\/Pelqueria-Amanda-wedding-banner-5-1920-\u00d7-960px-1920-\u00d7-400px-1920-\u00d7-960px.png&#8221; custom_margin=&#8221;|||&#8221; custom_padding=&#8221;39.2%|0px|0%|0px||&#8221;][et_pb_row custom_padding_last_edited=&#8221;off|desktop&#8221; admin_label=&#8221;Hero Area&#8221; _builder_version=&#8221;3.25&#8243; custom_margin=&#8221;-308px|auto||auto||&#8221; custom_padding=&#8221;27px|0px|0px|0px&#8221;][et_pb_column type=&#8221;4_4&#8243; _builder_version=&#8221;3.25&#8243; custom_padding=&#8221;|||&#8221; custom_padding__hover=&#8221;|||&#8221;][et_pb_text admin_label=&#8221;Hero Title&#8221; _builder_version=&#8221;4.4.8&#8243; text_font=&#8221;Montserrat|700|||||||&#8221; text_text_color=&#8221;#3e3e3e&#8221; text_font_size=&#8221;17px&#8221; text_line_height=&#8221;1.6em&#8221; header_font=&#8221;Alice||||||||&#8221; header_text_color=&#8221;#3e3e3e&#8221; header_font_size=&#8221;68px&#8221; header_letter_spacing=&#8221;-3px&#8221; header_3_font=&#8221;Montserrat||||||||&#8221; header_3_text_color=&#8221;#474747&#8243; header_3_font_size=&#8221;19px&#8221; background_color=&#8221;rgba(234,234,234,0.48)&#8221; background_layout=&#8221;dark&#8221; custom_margin=&#8221;-4px||-7px|||&#8221; animation_style=&#8221;slide&#8221; animation_direction=&#8221;left&#8221; animation_intensity_slide=&#8221;5%&#8221; animation_starting_opacity=&#8221;100%&#8221; text_font_size_last_edited=&#8221;off|desktop&#8221; header_font_size_tablet=&#8221;&#8221; header_font_size_phone=&#8221;60px&#8221; header_font_size_last_edited=&#8221;on|phone&#8221;] Services Hair &amp; Weddings [\/et_pb_text][\/et_pb_column][\/et_pb_row][\/et_pb_section][et_pb_section [&hellip;]<\/p>","protected":false},"author":1,"featured_media":0,"parent":0,"menu_order":0,"comment_status":"closed","ping_status":"closed","template":"","meta":{"_et_pb_use_builder":"on","_et_pb_old_content":"","_et_gb_content_width":"","_monsterinsights_skip_tracking":false,"_monsterinsights_sitenote_active":false,"_monsterinsights_sitenote_note":"","_monsterinsights_sitenote_category":0,"footnotes":""},"class_list":["post-69","page","type-page","status-publish","hentry"],"yoast_head":"<!-- This site is optimized with the Yoast SEO plugin v23.8 - https:\/\/yoast.com\/wordpress\/plugins\/seo\/ -->\n<title>Services - Peluqueria Amanda<\/title>\n<meta name=\"description\" content=\"Hairdressing services Lanzarote. At Peluqueria Amanda we offer wash, cut and blow dries to colours, and complex highlight treatments.\" \/>\n<meta name=\"robots\" content=\"index, follow, max-snippet:-1, max-image-preview:large, max-video-preview:-1\" \/>\n<link rel=\"canonical\" href=\"https:\/\/peluqueriaamanda.com\/es\/services\/\" \/>\n<meta property=\"og:locale\" content=\"es_ES\" \/>\n<meta property=\"og:type\" content=\"article\" \/>\n<meta property=\"og:title\" content=\"Services - Peluqueria Amanda\" \/>\n<meta property=\"og:description\" content=\"Hairdressing services Lanzarote. At Peluqueria Amanda we offer wash, cut and blow dries to colours, and complex highlight treatments.\" \/>\n<meta property=\"og:url\" content=\"https:\/\/peluqueriaamanda.com\/es\/services\/\" \/>\n<meta property=\"og:site_name\" content=\"Peluqueria Amanda\" \/>\n<meta property=\"article:modified_time\" content=\"2025-07-03T20:54:07+00:00\" \/>\n<meta name=\"twitter:card\" content=\"summary_large_image\" \/>\n<meta name=\"twitter:label1\" content=\"Tiempo de lectura\" \/>\n\t<meta name=\"twitter:data1\" content=\"2 minutos\" \/>\n<script type=\"application\/ld+json\" class=\"yoast-schema-graph\">{\"@context\":\"https:\/\/schema.org\",\"@graph\":[{\"@type\":\"WebPage\",\"@id\":\"https:\/\/peluqueriaamanda.com\/services\/\",\"url\":\"https:\/\/peluqueriaamanda.com\/services\/\",\"name\":\"Services - Peluqueria Amanda\",\"isPartOf\":{\"@id\":\"https:\/\/peluqueriaamanda.com\/#website\"},\"datePublished\":\"2022-02-03T11:19:15+00:00\",\"dateModified\":\"2025-07-03T20:54:07+00:00\",\"description\":\"Hairdressing services Lanzarote. At Peluqueria Amanda we offer wash, cut and blow dries to colours, and complex highlight treatments.\",\"breadcrumb\":{\"@id\":\"https:\/\/peluqueriaamanda.com\/services\/#breadcrumb\"},\"inLanguage\":\"es\",\"potentialAction\":[{\"@type\":\"ReadAction\",\"target\":[\"https:\/\/peluqueriaamanda.com\/services\/\"]}]},{\"@type\":\"BreadcrumbList\",\"@id\":\"https:\/\/peluqueriaamanda.com\/services\/#breadcrumb\",\"itemListElement\":[{\"@type\":\"ListItem\",\"position\":1,\"name\":\"Home\",\"item\":\"https:\/\/peluqueriaamanda.com\/\"},{\"@type\":\"ListItem\",\"position\":2,\"name\":\"Services\"}]},{\"@type\":\"WebSite\",\"@id\":\"https:\/\/peluqueriaamanda.com\/#website\",\"url\":\"https:\/\/peluqueriaamanda.com\/\",\"name\":\"Peluqueria Amanda\",\"description\":\"Peluquera Lanzarote\",\"potentialAction\":[{\"@type\":\"SearchAction\",\"target\":{\"@type\":\"EntryPoint\",\"urlTemplate\":\"https:\/\/peluqueriaamanda.com\/?s={search_term_string}\"},\"query-input\":{\"@type\":\"PropertyValueSpecification\",\"valueRequired\":true,\"valueName\":\"search_term_string\"}}],\"inLanguage\":\"es\"}]}<\/script>\n<!-- \/ Yoast SEO plugin. -->","yoast_head_json":{"title":"Services - Peluqueria Amanda","description":"Hairdressing services Lanzarote. At Peluqueria Amanda we offer wash, cut and blow dries to colours, and complex highlight treatments.","robots":{"index":"index","follow":"follow","max-snippet":"max-snippet:-1","max-image-preview":"max-image-preview:large","max-video-preview":"max-video-preview:-1"},"canonical":"https:\/\/peluqueriaamanda.com\/es\/services\/","og_locale":"es_ES","og_type":"article","og_title":"Services - Peluqueria Amanda","og_description":"Hairdressing services Lanzarote. At Peluqueria Amanda we offer wash, cut and blow dries to colours, and complex highlight treatments.","og_url":"https:\/\/peluqueriaamanda.com\/es\/services\/","og_site_name":"Peluqueria Amanda","article_modified_time":"2025-07-03T20:54:07+00:00","twitter_card":"summary_large_image","twitter_misc":{"Tiempo de lectura":"2 minutos"},"schema":{"@context":"https:\/\/schema.org","@graph":[{"@type":"WebPage","@id":"https:\/\/peluqueriaamanda.com\/services\/","url":"https:\/\/peluqueriaamanda.com\/services\/","name":"Services - Peluqueria Amanda","isPartOf":{"@id":"https:\/\/peluqueriaamanda.com\/#website"},"datePublished":"2022-02-03T11:19:15+00:00","dateModified":"2025-07-03T20:54:07+00:00","description":"Hairdressing services Lanzarote. At Peluqueria Amanda we offer wash, cut and blow dries to colours, and complex highlight treatments.","breadcrumb":{"@id":"https:\/\/peluqueriaamanda.com\/services\/#breadcrumb"},"inLanguage":"es","potentialAction":[{"@type":"ReadAction","target":["https:\/\/peluqueriaamanda.com\/services\/"]}]},{"@type":"BreadcrumbList","@id":"https:\/\/peluqueriaamanda.com\/services\/#breadcrumb","itemListElement":[{"@type":"ListItem","position":1,"name":"Home","item":"https:\/\/peluqueriaamanda.com\/"},{"@type":"ListItem","position":2,"name":"Services"}]},{"@type":"WebSite","@id":"https:\/\/peluqueriaamanda.com\/#website","url":"https:\/\/peluqueriaamanda.com\/","name":"Peluqueria Amanda","description":"Peluquera Lanzarote","potentialAction":[{"@type":"SearchAction","target":{"@type":"EntryPoint","urlTemplate":"https:\/\/peluqueriaamanda.com\/?s={search_term_string}"},"query-input":{"@type":"PropertyValueSpecification","valueRequired":true,"valueName":"search_term_string"}}],"inLanguage":"es"}]}},"_links":{"self":[{"href":"https:\/\/peluqueriaamanda.com\/es\/wp-json\/wp\/v2\/pages\/69","targetHints":{"allow":["GET"]}}],"collection":[{"href":"https:\/\/peluqueriaamanda.com\/es\/wp-json\/wp\/v2\/pages"}],"about":[{"href":"https:\/\/peluqueriaamanda.com\/es\/wp-json\/wp\/v2\/types\/page"}],"author":[{"embeddable":true,"href":"https:\/\/peluqueriaamanda.com\/es\/wp-json\/wp\/v2\/users\/1"}],"replies":[{"embeddable":true,"href":"https:\/\/peluqueriaamanda.com\/es\/wp-json\/wp\/v2\/comments?post=69"}],"version-history":[{"count":28,"href":"https:\/\/peluqueriaamanda.com\/es\/wp-json\/wp\/v2\/pages\/69\/revisions"}],"predecessor-version":[{"id":1225,"href":"https:\/\/peluqueriaamanda.com\/es\/wp-json\/wp\/v2\/pages\/69\/revisions\/1225"}],"wp:attachment":[{"href":"https:\/\/peluqueriaamanda.com\/es\/wp-json\/wp\/v2\/media?parent=69"}],"curies":[{"name":"wp","href":"https:\/\/api.w.org\/{rel}","templated":true}]}}